{"id":51,"date":"2023-08-11T14:31:35","date_gmt":"2023-08-11T14:31:35","guid":{"rendered":"https:\/\/christine-hamilton.de\/?page_id=51"},"modified":"2023-08-11T14:32:04","modified_gmt":"2023-08-11T14:32:04","slug":"kursinhalte","status":"publish","type":"page","link":"https:\/\/christine-hamilton.de\/?page_id=51","title":{"rendered":"Kursinhalte"},"content":{"rendered":"\n<p><strong><em>Teil 1: LWS-Becken-H\u00fcfte<\/em><\/strong><\/p>\n\n\n\n<p><strong>INHALT:<\/strong><\/p>\n\n\n\n<p><strong>Tests, Befund,&nbsp; Frageb\u00f6gen und Behandlungsstrategien f\u00fcr folgende Patientengruppe:<\/strong> Lumbopelvische Beschwerden: unspezifische, akute und chronische Kreuzschmerzen, Spondylolithesis; Iliosakralgelenk-Beschwerden (ISG), Leistenbeschwerden; Femoracetabul\u00e4re \u201eImpingement\u201c FAI. Komorbidit\u00e4ten: Inkontinenz, Atemwegserkrankung, gastrointestinale und Postpartum- <em>Beschwerden.<\/em>Therapeutische \u00dcbungen zur motorischen Kontrolle der tiefen lumbopelvischen Muskeln und der H\u00fcftmuskeln (Beckenboden, Psoas, Glut\u00e4ii, Transversus Abd, Diaphragma, und Multifidus lumbalis); zur axialen Haltungskontrolle und zum Gleichgewicht werden vermittelt und systematisch umgesetzt nach aktueller Evidenz und patientenspezifischem Bedarf. Biofeedback beschleunigt den Lernprozess sowohl f\u00fcr Patienten als auch Therapeuten. Hierzu werden Ultraschall, Elektromyographie (EMG) und Druck (Stabilizer \u00ae) und Laser eingesetzt.<\/p>\n\n\n\n<p><strong><em>Teil 2: <\/em><\/strong><em>Nacken<strong>-Schulter-Beschwerden<\/strong><\/em><\/p>\n\n\n\n<p><strong>INHALT:<\/strong><\/p>\n\n\n\n<p><strong>Tests, Befund,&nbsp; Frageb\u00f6gen und Behandlungsstrategien f\u00fcr folgende Patientengruppe:<\/strong> Nacken-Assoziierte-Beschwerden (NAB): unspezifisch akut und chronische Nackenschmerzen, Kopfschmerzen, Distorsions-Beschwerden und Schulter \u201eImpingement\u201c. Therapeutische \u00dcbungen zur motorischen Kontrolle der Scapula- und Schultermuskeln, der tiefen zervikalen Flexoren und Extensoren, der axialen Haltungskontrolle, des Gleichgewichts und Okulomotorik werden vermittelt. Ultraschall, Elektromyographie (EMG) und Druck (Stabilizer \u00ae) und Laser-Biofeedback beschleunigt den Lernprozess sowohl f\u00fcr Patienten als auch Therapeuten. Nach aktueller Evidenz werden die aktiven Ma\u00dfnahmen systematisch zur Symptomlinderung und Verbesserung der patientenspezifischen Bewegungseinschr\u00e4nkung oder Alltagsbeeintr\u00e4chtigung eingesetzt.&nbsp;<\/p>\n","protected":false},"excerpt":{"rendered":"<p>Teil 1: LWS-Becken-H\u00fcfte INHALT: Tests, Befund,&nbsp; Frageb\u00f6gen und Behandlungsstrategien f\u00fcr folgende Patientengruppe: Lumbopelvische Beschwerden: unspezifische, akute und chronische Kreuzschmerzen, Spondylolithesis; Iliosakralgelenk-Beschwerden (ISG), Leistenbeschwerden; Femoracetabul\u00e4re \u201eImpingement\u201c FAI. Komorbidit\u00e4ten: Inkontinenz, Atemwegserkrankung, gastrointestinale und Postpartum- Beschwerden.Therapeutische \u00dcbungen zur motorischen Kontrolle der tiefen lumbopelvischen Muskeln und der H\u00fcftmuskeln (Beckenboden, Psoas, Glut\u00e4ii, Transversus Abd, Diaphragma, und Multifidus lumbalis); zur axialen &hellip; <\/p>\n<p class=\"link-more\"><a href=\"https:\/\/christine-hamilton.de\/?page_id=51\" class=\"more-link\"><span class=\"screen-reader-text\">\u201eKursinhalte\u201c<\/span> weiterlesen<\/a><\/p>\n","protected":false},"author":2,"featured_media":0,"parent":0,"menu_order":0,"comment_status":"closed","ping_status":"closed","template":"","meta":{"footnotes":""},"_links":{"self":[{"href":"https:\/\/christine-hamilton.de\/index.php?rest_route=\/wp\/v2\/pages\/51"}],"collection":[{"href":"https:\/\/christine-hamilton.de\/index.php?rest_route=\/wp\/v2\/pages"}],"about":[{"href":"https:\/\/christine-hamilton.de\/index.php?rest_route=\/wp\/v2\/types\/page"}],"author":[{"embeddable":true,"href":"https:\/\/christine-hamilton.de\/index.php?rest_route=\/wp\/v2\/users\/2"}],"replies":[{"embeddable":true,"href":"https:\/\/christine-hamilton.de\/index.php?rest_route=%2Fwp%2Fv2%2Fcomments&post=51"}],"version-history":[{"count":2,"href":"https:\/\/christine-hamilton.de\/index.php?rest_route=\/wp\/v2\/pages\/51\/revisions"}],"predecessor-version":[{"id":53,"href":"https:\/\/christine-hamilton.de\/index.php?rest_route=\/wp\/v2\/pages\/51\/revisions\/53"}],"wp:attachment":[{"href":"https:\/\/christine-hamilton.de\/index.php?rest_route=%2Fwp%2Fv2%2Fmedia&parent=51"}],"curies":[{"name":"wp","href":"https:\/\/api.w.org\/{rel}","templated":true}]}}