{"id":146,"date":"2024-07-26T07:02:00","date_gmt":"2024-07-26T07:02:00","guid":{"rendered":"https:\/\/christine-hamilton.de\/?page_id=146"},"modified":"2024-07-26T07:02:00","modified_gmt":"2024-07-26T07:02:00","slug":"fernsehfilmbeitrag","status":"publish","type":"page","link":"https:\/\/christine-hamilton.de\/?page_id=146","title":{"rendered":"Fernsehfilmbeitrag"},"content":{"rendered":"\n<p><a href=\"https:\/\/www.swrfernsehen.de\/betrifft\/quaelender-schmerz-was-tun-neue-schonende-therapien-100.html\">https:\/\/www.swrfernsehen.de\/betrifft\/quaelender-schmerz-was-tun-neue-schonende-therapien-100.html<\/a><\/p>\n\n\n\n<p>F\u00fcr eine Adressenliste von Kolleg*innen in der N\u00e4he Ihres Wohnorts ( PLZ) bitte eine Email schicken an christine.hamilton@freenet.de<\/p>\n\n\n\n<p>Bitte erkundigen Sie sich, ob die Kolleg*innen noch t\u00e4tig sind. Wenn sie nicht meinen Namen kennen, fragen sie weiter.<\/p>\n\n\n\n<p>Die Behandlung, die ich im Film zeige, ist f\u00fcr eine bestimmte Art von Kreuz- und Nackenschmerzen geeignet. Die \u00dcbungen der tiefen Muskeln f\u00fcr segmentale Stabilit\u00e4t bewirken keine Wunder, sondern wir gehen gezielt auf Ihre Beschwerden ein. &nbsp;Ziel ist die Anleitung zur Selbsthilfe, d.h.&nbsp; mehr Belastbarkeit und Lebensqualit\u00e4t.<\/p>\n\n\n\n<p>Bei unzureichenden Physiotherapieergebnissen nach l\u00e4ngere Behandlungszeit (ca. 3 Mo.) &nbsp;kann Ihre Eignung f\u00fcr die Implantation der \u201e Restaurativen Neuromodulation\u201c (ReActiv8) in Erw\u00e4gung gezogen werden.<\/p>\n\n\n\n<p>Ich m\u00f6chte darauf hinweisen, dass die in Film gezeigte Fascia Meridian Therapie (FMT oder Glucose Therapie) nicht von meinen Physio-Kolleg*innen und mir angeboten werden.<\/p>\n\n\n\n<p><a>Gute Besserung und bleiben Sie zuversichtlich.<\/a><\/p>\n\n\n\n<p>Christine Hamilton<\/p>\n","protected":false},"excerpt":{"rendered":"<p>https:\/\/www.swrfernsehen.de\/betrifft\/quaelender-schmerz-was-tun-neue-schonende-therapien-100.html F\u00fcr eine Adressenliste von Kolleg*innen in der N\u00e4he Ihres Wohnorts ( PLZ) bitte eine Email schicken an christine.hamilton@freenet.de Bitte erkundigen Sie sich, ob die Kolleg*innen noch t\u00e4tig sind. Wenn sie nicht meinen Namen kennen, fragen sie weiter. Die Behandlung, die ich im Film zeige, ist f\u00fcr eine bestimmte Art von Kreuz- und Nackenschmerzen geeignet. &hellip; <\/p>\n<p class=\"link-more\"><a href=\"https:\/\/christine-hamilton.de\/?page_id=146\" class=\"more-link\"><span class=\"screen-reader-text\">\u201eFernsehfilmbeitrag\u201c<\/span> weiterlesen<\/a><\/p>\n","protected":false},"author":3,"featured_media":0,"parent":0,"menu_order":0,"comment_status":"closed","ping_status":"closed","template":"","meta":{"footnotes":""},"_links":{"self":[{"href":"https:\/\/christine-hamilton.de\/index.php?rest_route=\/wp\/v2\/pages\/146"}],"collection":[{"href":"https:\/\/christine-hamilton.de\/index.php?rest_route=\/wp\/v2\/pages"}],"about":[{"href":"https:\/\/christine-hamilton.de\/index.php?rest_route=\/wp\/v2\/types\/page"}],"author":[{"embeddable":true,"href":"https:\/\/christine-hamilton.de\/index.php?rest_route=\/wp\/v2\/users\/3"}],"replies":[{"embeddable":true,"href":"https:\/\/christine-hamilton.de\/index.php?rest_route=%2Fwp%2Fv2%2Fcomments&post=146"}],"version-history":[{"count":1,"href":"https:\/\/christine-hamilton.de\/index.php?rest_route=\/wp\/v2\/pages\/146\/revisions"}],"predecessor-version":[{"id":147,"href":"https:\/\/christine-hamilton.de\/index.php?rest_route=\/wp\/v2\/pages\/146\/revisions\/147"}],"wp:attachment":[{"href":"https:\/\/christine-hamilton.de\/index.php?rest_route=%2Fwp%2Fv2%2Fmedia&parent=146"}],"curies":[{"name":"wp","href":"https:\/\/api.w.org\/{rel}","templated":true}]}}