{"id":13,"date":"2023-08-11T13:57:39","date_gmt":"2023-08-11T13:57:39","guid":{"rendered":"https:\/\/christine-hamilton.de\/?page_id=13"},"modified":"2023-08-12T06:58:14","modified_gmt":"2023-08-12T06:58:14","slug":"ein-homepage-abschnitt","status":"publish","type":"page","link":"https:\/\/christine-hamilton.de\/","title":{"rendered":"P.E.P System zur lokalen Stabilit\u00e4t der Gelenke"},"content":{"rendered":"\n<h2 class=\"wp-block-heading\"><strong>P<\/strong>atientenzentriert\u00a0<strong>E<\/strong>videnzinformiert <strong>P<\/strong>raxisorientiert<\/h2>\n\n\n\n<p>Das multimodale Management f\u00fcr Muskuloskelettale Beschwerden Das breite Spektrum der therapeutischen Vorgehensweisen f\u00fcr das noch breitere Spektrum von Beschwerden stellt eine gro\u00dfe Herausforderung f\u00fcr Physiotherapeuten in der t\u00e4glichen Praxis dar.<\/p>\n\n\n\n<p>In meinen Kursen lernt man Fast-Tracking Physiotherapie. Die unz\u00e4hligen Frageb\u00f6gen, Testbatterien und Behandlungsevidenzen aus der Wissenschaft werden gezielt komprimiert und geordnet f\u00fcr die Praxis- und Patiententauglichkeit. Therapeutische \u00dcbungen zur lokalen Stabilit\u00e4t der Gelenke, zur Haltungskontrolle, zum Gleichgewicht, zur Wahrnehmung, zur Okulomotorik, zur Beweglichkeit und zur Kraftausdauer werden mit manuellen Techniken, edukativer Therapie und Biofeedback systematisch erg\u00e4nzt.&nbsp; Ziel ist es,&nbsp;aktive&nbsp;Therapie effektiv und effizient wie m\u00f6glich einzusetzen. Dementsprechend sind meine Kurse aufgebaut.<\/p>\n","protected":false},"excerpt":{"rendered":"<p>Patientenzentriert\u00a0Evidenzinformiert Praxisorientiert Das multimodale Management f\u00fcr Muskuloskelettale Beschwerden Das breite Spektrum der therapeutischen Vorgehensweisen f\u00fcr das noch breitere Spektrum von Beschwerden stellt eine gro\u00dfe Herausforderung f\u00fcr Physiotherapeuten in der t\u00e4glichen Praxis dar. In meinen Kursen lernt man Fast-Tracking Physiotherapie. Die unz\u00e4hligen Frageb\u00f6gen, Testbatterien und Behandlungsevidenzen aus der Wissenschaft werden gezielt komprimiert und geordnet f\u00fcr die &hellip; <\/p>\n<p class=\"link-more\"><a href=\"https:\/\/christine-hamilton.de\/\" class=\"more-link\"><span class=\"screen-reader-text\">\u201eP.E.P System zur lokalen Stabilit\u00e4t der Gelenke\u201c<\/span> weiterlesen<\/a><\/p>\n","protected":false},"author":2,"featured_media":0,"parent":0,"menu_order":0,"comment_status":"closed","ping_status":"closed","template":"","meta":{"footnotes":""},"_links":{"self":[{"href":"https:\/\/christine-hamilton.de\/index.php?rest_route=\/wp\/v2\/pages\/13"}],"collection":[{"href":"https:\/\/christine-hamilton.de\/index.php?rest_route=\/wp\/v2\/pages"}],"about":[{"href":"https:\/\/christine-hamilton.de\/index.php?rest_route=\/wp\/v2\/types\/page"}],"author":[{"embeddable":true,"href":"https:\/\/christine-hamilton.de\/index.php?rest_route=\/wp\/v2\/users\/2"}],"replies":[{"embeddable":true,"href":"https:\/\/christine-hamilton.de\/index.php?rest_route=%2Fwp%2Fv2%2Fcomments&post=13"}],"version-history":[{"count":3,"href":"https:\/\/christine-hamilton.de\/index.php?rest_route=\/wp\/v2\/pages\/13\/revisions"}],"predecessor-version":[{"id":74,"href":"https:\/\/christine-hamilton.de\/index.php?rest_route=\/wp\/v2\/pages\/13\/revisions\/74"}],"wp:attachment":[{"href":"https:\/\/christine-hamilton.de\/index.php?rest_route=%2Fwp%2Fv2%2Fmedia&parent=13"}],"curies":[{"name":"wp","href":"https:\/\/api.w.org\/{rel}","templated":true}]}}