{"id":11,"date":"2023-08-11T13:57:39","date_gmt":"2023-08-11T13:57:39","guid":{"rendered":"https:\/\/christine-hamilton.de\/?page_id=11"},"modified":"2024-12-28T13:17:18","modified_gmt":"2024-12-28T13:17:18","slug":"kontakt","status":"publish","type":"page","link":"https:\/\/christine-hamilton.de\/?page_id=11","title":{"rendered":"Kontakt"},"content":{"rendered":"\n<p>Christine Hamilton<\/p>\n\n\n\n<p>christine.hamilton@freenet.de<\/p>\n\n\n\n<p>F\u00fcr eine Adressenliste von Kolleg*innen in der N\u00e4he Ihres Wohnorts ( PLZ) bitte eine Email schicken <\/p>\n\n\n\n<p><strong>Behandlungsanfrage<\/strong>: Voraussichtlich AUFNAHMESTOPP <\/p>\n\n\n\n<p><\/p>\n\n\n\n<p>Leider hat sich meine Hoffnung, im Jahr 2025 mehr Kapazit\u00e4t frei zu haben und neue Patienten aufnehmen zu k\u00f6nnen aus privaten wie gesundheitlichen Gr\u00fcnden nicht ergeben.<\/p>\n\n\n\n<p>Bitte wenden Sie sich an meine Kolleg*Innen in Ihrer N\u00e4he. Bei Bedarf berate Ihre behandelnde Therapeut*Innen gerne.<\/p>\n\n\n\n<p><\/p>\n\n\n\n<p>Praxis Sieme <\/p>\n\n\n\n<p>S\u00fcdl. Stadtmauerstr 19<\/p>\n\n\n\n<p>D- 91054 Erlangen<\/p>\n\n\n\n<p>tel: +49 9131 25642<\/p>\n","protected":false},"excerpt":{"rendered":"<p>Christine Hamilton christine.hamilton@freenet.de F\u00fcr eine Adressenliste von Kolleg*innen in der N\u00e4he Ihres Wohnorts ( PLZ) bitte eine Email schicken Behandlungsanfrage: Voraussichtlich AUFNAHMESTOPP Leider hat sich meine Hoffnung, im Jahr 2025 mehr Kapazit\u00e4t frei zu haben und neue Patienten aufnehmen zu k\u00f6nnen aus privaten wie gesundheitlichen Gr\u00fcnden nicht ergeben. Bitte wenden Sie sich an meine Kolleg*Innen &hellip; <\/p>\n<p class=\"link-more\"><a href=\"https:\/\/christine-hamilton.de\/?page_id=11\" class=\"more-link\"><span class=\"screen-reader-text\">\u201eKontakt\u201c<\/span> weiterlesen<\/a><\/p>\n","protected":false},"author":2,"featured_media":0,"parent":0,"menu_order":0,"comment_status":"closed","ping_status":"closed","template":"","meta":{"footnotes":""},"_links":{"self":[{"href":"https:\/\/christine-hamilton.de\/index.php?rest_route=\/wp\/v2\/pages\/11"}],"collection":[{"href":"https:\/\/christine-hamilton.de\/index.php?rest_route=\/wp\/v2\/pages"}],"about":[{"href":"https:\/\/christine-hamilton.de\/index.php?rest_route=\/wp\/v2\/types\/page"}],"author":[{"embeddable":true,"href":"https:\/\/christine-hamilton.de\/index.php?rest_route=\/wp\/v2\/users\/2"}],"replies":[{"embeddable":true,"href":"https:\/\/christine-hamilton.de\/index.php?rest_route=%2Fwp%2Fv2%2Fcomments&post=11"}],"version-history":[{"count":9,"href":"https:\/\/christine-hamilton.de\/index.php?rest_route=\/wp\/v2\/pages\/11\/revisions"}],"predecessor-version":[{"id":164,"href":"https:\/\/christine-hamilton.de\/index.php?rest_route=\/wp\/v2\/pages\/11\/revisions\/164"}],"wp:attachment":[{"href":"https:\/\/christine-hamilton.de\/index.php?rest_route=%2Fwp%2Fv2%2Fmedia&parent=11"}],"curies":[{"name":"wp","href":"https:\/\/api.w.org\/{rel}","templated":true}]}}