{"id":10,"date":"2023-08-11T13:57:39","date_gmt":"2023-08-11T13:57:39","guid":{"rendered":"https:\/\/christine-hamilton.de\/?page_id=10"},"modified":"2024-06-17T10:55:10","modified_gmt":"2024-06-17T10:55:10","slug":"ueber-uns","status":"publish","type":"page","link":"https:\/\/christine-hamilton.de\/?page_id=10","title":{"rendered":"\u00dcber mich"},"content":{"rendered":"\n<p>Aus die 30 Jahre internationale klinische Praxiserfahrung als Physiotherapeutin und Forschungsarbeit der Universit\u00e4t der Heimatstadt, Brisbane Australien entstand die pragmatische Herangehensweise f\u00fcr muskuloskelettale Beschwerden: PEP f\u00fcr lokale Stabilisation der Gelenke.<\/p>\n\n\n\n<p>Zu diesem Thema sind sowohl diverse nationale und internationale Publikationen und Konferenzpr\u00e4sentationen ver\u00f6ffentlicht als auch medizinische Weiterbildungen und als Privatdozentin in Deutschland und \u00d6sterreich durchgef\u00fchrt.<\/p>\n\n\n\n<p>Qualifikationen<\/p>\n\n\n\n<p>Bachelor und Masters of Physiotherapie (Q) University of Queensland, Australien<\/p>\n\n\n\n<p>Staatliche Anerkennung als Krankengymnastin, Deutschland<\/p>\n","protected":false},"excerpt":{"rendered":"<p>Aus die 30 Jahre internationale klinische Praxiserfahrung als Physiotherapeutin und Forschungsarbeit der Universit\u00e4t der Heimatstadt, Brisbane Australien entstand die pragmatische Herangehensweise f\u00fcr muskuloskelettale Beschwerden: PEP f\u00fcr lokale Stabilisation der Gelenke. Zu diesem Thema sind sowohl diverse nationale und internationale Publikationen und Konferenzpr\u00e4sentationen ver\u00f6ffentlicht als auch medizinische Weiterbildungen und als Privatdozentin in Deutschland und \u00d6sterreich durchgef\u00fchrt. &hellip; <\/p>\n<p class=\"link-more\"><a href=\"https:\/\/christine-hamilton.de\/?page_id=10\" class=\"more-link\"><span class=\"screen-reader-text\">\u201e\u00dcber mich\u201c<\/span> weiterlesen<\/a><\/p>\n","protected":false},"author":2,"featured_media":35,"parent":0,"menu_order":0,"comment_status":"closed","ping_status":"closed","template":"","meta":{"footnotes":""},"_links":{"self":[{"href":"https:\/\/christine-hamilton.de\/index.php?rest_route=\/wp\/v2\/pages\/10"}],"collection":[{"href":"https:\/\/christine-hamilton.de\/index.php?rest_route=\/wp\/v2\/pages"}],"about":[{"href":"https:\/\/christine-hamilton.de\/index.php?rest_route=\/wp\/v2\/types\/page"}],"author":[{"embeddable":true,"href":"https:\/\/christine-hamilton.de\/index.php?rest_route=\/wp\/v2\/users\/2"}],"replies":[{"embeddable":true,"href":"https:\/\/christine-hamilton.de\/index.php?rest_route=%2Fwp%2Fv2%2Fcomments&post=10"}],"version-history":[{"count":3,"href":"https:\/\/christine-hamilton.de\/index.php?rest_route=\/wp\/v2\/pages\/10\/revisions"}],"predecessor-version":[{"id":141,"href":"https:\/\/christine-hamilton.de\/index.php?rest_route=\/wp\/v2\/pages\/10\/revisions\/141"}],"wp:featuredmedia":[{"embeddable":true,"href":"https:\/\/christine-hamilton.de\/index.php?rest_route=\/wp\/v2\/media\/35"}],"wp:attachment":[{"href":"https:\/\/christine-hamilton.de\/index.php?rest_route=%2Fwp%2Fv2%2Fmedia&parent=10"}],"curies":[{"name":"wp","href":"https:\/\/api.w.org\/{rel}","templated":true}]}}